{"id":9,"date":"2022-09-17T16:39:03","date_gmt":"2022-09-17T16:39:03","guid":{"rendered":"http:\/\/ve2cuy.com\/stages420\/?page_id=5"},"modified":"2022-09-17T16:39:03","modified_gmt":"2022-09-17T16:39:03","slug":"questions-reponses","status":"publish","type":"page","link":"https:\/\/stages.techinfo-cstj.ca\/?page_id=9","title":{"rendered":"Questions-R\u00e9ponses"},"content":{"rendered":"\n<ul class=\"wp-block-list\"><li>Est-ce que le stage est \u00e9valu\u00e9?<\/li><li>Puis-je travailler de la maison? Puis-je utiliser mon ordinateur personnel?<\/li><li>Quel est l\u2019horaire de stage?<\/li><li>\u00c0 la premi\u00e8re journ\u00e9e de stage, \u00e0 quelle heure dois-je me pr\u00e9senter?<\/li><li>Le stage est t-il r\u00e9mun\u00e9r\u00e9?<\/li><li>Quel est l\u2019impact d\u2019une absence pendant le stage?<\/li><li>Est-ce que le stage est un cours?<\/li><li>Puis-je aller en stage si j\u2019ai \u00e9chou\u00e9 un ou des cours de la session 5?<\/li><li>Que faire si l\u2019entreprise me demande de signer un contrat?<\/li><li>Est-il possible d\u2019\u00e9chouer le cours stage?<\/li><li>Je suis en stage depuis plus d\u2019une semaine et je n\u2019ai encore aucun mandat clair. Que dois-je faire?<\/li><li>Qui prend les rendez-vous pour les deux visites en entreprise?<\/li><li>Qui est responsable de fournir l\u2019ordinateur et les logiciels requis \u00e0 mes t\u00e2ches durant mon stage?<\/li><li>Puis-je utiliser les r\u00e9seaux sociaux durant mon stage?<\/li><li>Sur mon horaire de la session 6, il y a des cours et le stage, pourquoi?<\/li><li>La pr\u00e9sentation \u2018powerpoint\u2019 du stage dure combien de temps?<\/li><li>Est-il possible de faire la pr\u00e9sentation du stage \u00e0 deux?<\/li><li>Suis-je couvert par une assurance responsabilit\u00e9?<\/li><\/ul>\n\n\n\n<hr class=\"wp-block-separator has-alpha-channel-opacity\"\/>\n\n\n\n<h3 class=\"wp-block-heading\">Est-ce que le stage est \u00e9valu\u00e9?<\/h3>\n\n\n\n<p>Oui<\/p>\n\n\n\n<p>Le stage est un des cours du programme. &nbsp;Comme pour les autres cours, il est \u00e9valu\u00e9.<\/p>\n\n\n\n<p><a href=\"http:\/\/ve2cuy.com\/stages420\/index.php\/evaluation\/\" data-type=\"page\" data-id=\"20\">Voir ici pour les d\u00e9tails<\/a>.<\/p>\n\n\n\n<h3 class=\"wp-block-heading\">Puis-je travailler de la maison? Puis-je utiliser mon ordinateur personnel?<\/h3>\n\n\n\n<p class=\"has-vivid-red-color has-text-color\"><strong>Oui et oui, compte tenu de la situation actuelle.<\/strong><\/p>\n\n\n\n<hr class=\"wp-block-separator has-alpha-channel-opacity\"\/>\n\n\n\n<h3 class=\"wp-block-heading\">Quel est l\u2019horaire de stage?<\/h3>\n\n\n\n<p>Le stage a une dur\u00e9e de <strong><mark style=\"background-color:rgba(0, 0, 0, 0)\" class=\"has-inline-color has-luminous-vivid-amber-color\">999<\/mark><\/strong> heures, r\u00e9parties sur 15 semaines. L\u2019\u00e9quivalent de 7h par jour, 4 jours par semaine (ex: 9h-17h avec pause de 1h \u00e0 midi).<\/p>\n\n\n\n<p>Vous devez, avant tout, vous conformer \u00e0 l\u2019horaire de l\u2019entreprise.<\/p>\n\n\n\n<p>Si l\u2019horaire de l\u2019entreprise fait en sorte que vous d\u00e9passez de plus de 5% le <strong><mark style=\"background-color:rgba(0, 0, 0, 0)\" class=\"has-inline-color has-luminous-vivid-amber-color\">999h<\/mark><\/strong> de stage, vous pouvez prendre un arrangement avec votre superviseur et votre responsable C\u00e9gep pour rem\u00e9dier \u00e0 la situation (r\u00e9mun\u00e9ration, terminer plus t\u00f4t, journ\u00e9es flottantes\u2026etc).&nbsp;<strong>Il est absolument n\u00e9cessaire que votre responsable c\u00e9gep soit impliqu\u00e9 dans les d\u00e9marches et vous donne son autorisation pour valider toute entente.<\/strong><\/p>\n\n\n\n<hr class=\"wp-block-separator has-alpha-channel-opacity\"\/>\n\n\n\n<h3 class=\"wp-block-heading\">\u00c0 la premi\u00e8re journ\u00e9e de stage, \u00e0 quelle heure dois-je me pr\u00e9senter?<\/h3>\n\n\n\n<p>\u00c0 moins d\u2019une entente avec l\u2019entreprise qui vous re\u00e7oit, cette derni\u00e8re a \u00e9t\u00e9 avis\u00e9e que vous arriveriez \u00e0 9h00 pour la premi\u00e8re journ\u00e9e. &nbsp;Apr\u00e8s, vous devez vous conformer \u00e0 l\u2019horaire de l\u2019entreprise.<\/p>\n\n\n\n<hr class=\"wp-block-separator has-alpha-channel-opacity\"\/>\n\n\n\n<h3 class=\"wp-block-heading\">Le stage est t-il r\u00e9mun\u00e9r\u00e9 ?<\/h3>\n\n\n\n<p>Non, &nbsp;les stages de niveau coll\u00e9gial ne sont pas r\u00e9mun\u00e9r\u00e9s.<\/p>\n\n\n\n<p>Par contre, il est possible dans certain cas que vous le soyez. Cela demeure \u00e0 la discr\u00e9tion de l\u2019entreprise. Nous avons demand\u00e9 aux entreprises de consid\u00e9rer un montant forfaitaire pour vos d\u00e9placements. Mais l\u00e0 encore, c\u2019est \u00e0 la discr\u00e9tion de l\u2019entreprise.<\/p>\n\n\n\n<hr class=\"wp-block-separator has-alpha-channel-opacity\"\/>\n\n\n\n<h3 class=\"wp-block-heading\">Quel est l\u2019impact d\u2019une absence pendant le stage ?<\/h3>\n\n\n\n<p>Pour que le stage soit reconnu, il faut avoir accumul\u00e9 au moins <mark style=\"background-color:rgba(0, 0, 0, 0)\" class=\"has-inline-color has-luminous-vivid-amber-color\"><strong>999<\/strong><\/mark> heures de pr\u00e9sence en entreprise.<\/p>\n\n\n\n<p>L\u2019horaire du stage est constitu\u00e9 en tenant compte de la possibilit\u00e9 d\u2019une ou deux journ\u00e9es d\u2019absence.<\/p>\n\n\n\n<p>Si vous pensez manquer plus de deux jours, il vous faudra alors communiquer avec votre responsable c\u00e9gep pour qu\u2019il puisse trouver une solution \u00e0 la situation.<\/p>\n\n\n\n<hr class=\"wp-block-separator has-alpha-channel-opacity\"\/>\n\n\n\n<h3 class=\"wp-block-heading\">Est-ce que le stage est un cours ?<\/h3>\n\n\n\n<p>Oui, le stage est le cours <strong><mark style=\"background-color:rgba(0, 0, 0, 0)\" class=\"has-inline-color has-vivid-cyan-blue-color\">420-AAA-16<\/mark><\/strong>&nbsp;de <strong><mark style=\"background-color:rgba(0, 0, 0, 0)\" class=\"has-inline-color has-vivid-cyan-blue-color\">999<\/mark><\/strong> heures. Il est donc soumit aux m\u00eames r\u00e8gles que tout autre cours.<\/p>\n\n\n\n<p>\u00c0 savoir: c\u2019est un cours de 5,66 unit\u00e9s, ce qui repr\u00e9sente un poids relativement important sur la cote R.<\/p>\n\n\n\n<hr class=\"wp-block-separator has-alpha-channel-opacity\"\/>\n\n\n\n<h3 class=\"wp-block-heading\">Puis-je aller en stage si j\u2019ai \u00e9chou\u00e9 un ou des cours de la session 5 ?<\/h3>\n\n\n\n<p>Non.<\/p>\n\n\n\n<p>\u00c0 moins d\u2019une entente avec le coordonnateur des stages, le coordonnateur du d\u00e9partement et l\u2019API, il n\u2019est pas possible d\u2019\u00eatre inscrit au cours stage en cas d\u2019\u00e9chec d\u2019un ou de plusieurs cours de la session 5. &nbsp;Tous les cours de la technique (sauf pour les cours de la session 6) doivent avoir \u00e9t\u00e9 compl\u00e9t\u00e9s. &nbsp;Cela comprend les cours compl\u00e9mentaires comme \u2018fran\u00e7ais\u2019 et \u2018philosophie\u2019.<\/p>\n\n\n\n<hr class=\"wp-block-separator has-alpha-channel-opacity\"\/>\n\n\n\n<h3 class=\"wp-block-heading\">Que faire si l\u2019entreprise me demande de signer un contrat ; par exemple, de non concurrence?<\/h3>\n\n\n\n<p>Il faut communiquer avec votre responsable c\u00e9gep avant de signer un contrat.<\/p>\n\n\n\n<hr class=\"wp-block-separator has-alpha-channel-opacity\"\/>\n\n\n\n<h3 class=\"wp-block-heading\">Est-il possible d\u2019\u00e9chouer le cours stage ?<\/h3>\n\n\n\n<p>Depuis les 10 derni\u00e8res ann\u00e9es, le seul cas f\u00fbt reli\u00e9 \u00e0 un vol de propri\u00e9t\u00e9 intellectuelle.<\/p>\n\n\n\n<p>Il est important de ne jamais sortir de l\u2019entreprise \u2013 via cl\u00e9 m\u00e9moire, stockage en nuage, r\u00e9seaux sociaux, etc \u2013 des codes sources, captures d\u2019\u00e9crans, croquis, design, etc, sans la permission de votre superviseur en entreprise.<\/p>\n\n\n\n<p>Ce que vous produisez \u00e0 l\u2019entreprise, dans l\u2019exercice de votre mandat, demeure la propri\u00e9t\u00e9 de l\u2019entreprise.<\/p>\n\n\n\n<hr class=\"wp-block-separator has-alpha-channel-opacity\"\/>\n\n\n\n<h3 class=\"wp-block-heading\">Je suis en stage depuis plus d\u2019une semaine et je n\u2019ai encore aucun mandat clair. Que dois-je faire ?<\/h3>\n\n\n\n<p>Communiquez avec votre responsable c\u00e9gep.<\/p>\n\n\n\n<hr class=\"wp-block-separator has-alpha-channel-opacity\"\/>\n\n\n\n<h3 class=\"wp-block-heading\">Qui prend les rendez-vous pour les deux visites en entreprise ?<\/h3>\n\n\n\n<p>Votre responsable c\u00e9gep.<\/p>\n\n\n\n<hr class=\"wp-block-separator has-alpha-channel-opacity\"\/>\n\n\n\n<h3 class=\"wp-block-heading\">Qui est responsable de fournir l\u2019ordinateur et les logiciels requis \u00e0 mes t\u00e2ches durant mon stage ?<\/h3>\n\n\n\n<p>En fonction de l\u2019entente pour les stages 2023<\/p>\n\n\n\n<hr class=\"wp-block-separator has-alpha-channel-opacity\"\/>\n\n\n\n<h3 class=\"wp-block-heading\">Puis-je utiliser les r\u00e9seaux sociaux \/ mon t\u00e9l\u00e9phone cellulaire durant mon stage?<\/h3>\n\n\n\n<p>Poser la question \u00e0 votre superviseur AVANT l\u2019utilisation.<\/p>\n\n\n\n<p>Les politiques varient d\u2019une entreprise \u00e0 l\u2019autre. Attention, une utilisation, sans autorisation, pourrait vous valoir un renvoi de l\u2019entreprise.<\/p>\n\n\n\n<hr class=\"wp-block-separator has-alpha-channel-opacity\"\/>\n\n\n\n<h3 class=\"wp-block-heading\">Sur mon horaire de la session 6, il y a des cours et le stage, pourquoi?<\/h3>\n\n\n\n<p>\u00c9tant donn\u00e9 que le stage est un cours, il doit appara\u00eetre sur l\u2019horaire. Vous serez en stage du lundi au jeudi.  Le vendredi, il y a cours au cegep.<\/p>\n\n\n\n<h3 class=\"has-luminous-vivid-amber-color has-text-color wp-block-heading\">La pr\u00e9sentation \u2018powerpoint\u2019 du stage dure combien de temps ?<\/h3>\n\n\n\n<p>10 minutes par \u00e9tudiant.<\/p>\n\n\n\n<hr class=\"wp-block-separator has-alpha-channel-opacity\"\/>\n\n\n\n<h3 class=\"wp-block-heading\">Nous sommes deux \u00e9tudiants en stage au m\u00eame endroit. Est-il possible de faire la pr\u00e9sentation du stage \u00e0 deux ?<\/h3>\n\n\n\n<p>Oui.<\/p>\n\n\n\n<hr class=\"wp-block-separator has-alpha-channel-opacity\"\/>\n\n\n\n<h3 class=\"wp-block-heading\">Suis-je couvert par une assurance responsabilit\u00e9?<\/h3>\n\n\n\n<p>Oui:&nbsp;Certificat_Stage_2023<\/p>\n\n\n\n<hr class=\"wp-block-separator has-alpha-channel-opacity\"\/>\n\n\n\n<p class=\"has-luminous-vivid-amber-color has-text-color\"><strong>\u00c0 valider:  nouveau statut employ\u00e9 du cegep pour les stagiaires.<\/strong><\/p>\n","protected":false},"excerpt":{"rendered":"<p>Est-ce que le stage est \u00e9valu\u00e9? Puis-je travailler de la maison? Puis-je utiliser mon ordinateur personnel? Quel est l\u2019horaire de stage? \u00c0 la premi\u00e8re journ\u00e9e de stage, \u00e0 quelle heure dois-je me pr\u00e9senter? Le stage est t-il r\u00e9mun\u00e9r\u00e9? Quel est l\u2019impact d\u2019une absence pendant le stage? Est-ce que le stage est un cours? Puis-je aller [&hellip;]<\/p>\n","protected":false},"author":2,"featured_media":0,"parent":0,"menu_order":0,"comment_status":"closed","ping_status":"closed","template":"","meta":{"footnotes":""},"class_list":["post-9","page","type-page","status-publish","hentry"],"_links":{"self":[{"href":"https:\/\/stages.techinfo-cstj.ca\/index.php?rest_route=\/wp\/v2\/pages\/9","targetHints":{"allow":["GET"]}}],"collection":[{"href":"https:\/\/stages.techinfo-cstj.ca\/index.php?rest_route=\/wp\/v2\/pages"}],"about":[{"href":"https:\/\/stages.techinfo-cstj.ca\/index.php?rest_route=\/wp\/v2\/types\/page"}],"author":[{"embeddable":true,"href":"https:\/\/stages.techinfo-cstj.ca\/index.php?rest_route=\/wp\/v2\/users\/2"}],"replies":[{"embeddable":true,"href":"https:\/\/stages.techinfo-cstj.ca\/index.php?rest_route=%2Fwp%2Fv2%2Fcomments&post=9"}],"version-history":[{"count":0,"href":"https:\/\/stages.techinfo-cstj.ca\/index.php?rest_route=\/wp\/v2\/pages\/9\/revisions"}],"wp:attachment":[{"href":"https:\/\/stages.techinfo-cstj.ca\/index.php?rest_route=%2Fwp%2Fv2%2Fmedia&parent=9"}],"curies":[{"name":"wp","href":"https:\/\/api.w.org\/{rel}","templated":true}]}}