{"id":70,"date":"2022-09-20T09:18:40","date_gmt":"2022-09-20T14:18:40","guid":{"rendered":"http:\/\/ve2cuy.com\/stages420\/?page_id=70"},"modified":"2022-09-20T09:18:40","modified_gmt":"2022-09-20T14:18:40","slug":"placement-h23","status":"publish","type":"page","link":"https:\/\/stages.techinfo-cstj.ca\/?page_id=70","title":{"rendered":":: Placement H23"},"content":{"rendered":"\n<figure class=\"wp-block-table is-style-stripes\"><table><tbody><tr><td>Matricule<\/td><td>\u00c9tudiant(e)s<\/td><td>Entreprise<\/td><td>Confirmation<\/td><\/tr><tr><td><mark style=\"background-color:rgba(0, 0, 0, 0)\" class=\"has-inline-color has-cyan-bluish-gray-color\">0982870<\/mark><\/td><td>No\u00e9mie Lanct\u00f4t<\/td><td><\/td><td><\/td><\/tr><tr><td><mark style=\"background-color:rgba(0, 0, 0, 0)\" class=\"has-inline-color has-cyan-bluish-gray-color\">1337721<\/mark><\/td><td>Marc-Olivier Parisien<\/td><td><\/td><td><\/td><\/tr><tr><td><mark style=\"background-color:rgba(0, 0, 0, 0)\" class=\"has-inline-color has-cyan-bluish-gray-color\">1532686<\/mark><\/td><td>Sebastien Beaudet<\/td><td><\/td><td><\/td><\/tr><tr><td><mark style=\"background-color:rgba(0, 0, 0, 0)\" class=\"has-inline-color has-cyan-bluish-gray-color\">1555921<\/mark><\/td><td>Louis-Philippe Brunet<\/td><td><\/td><td><\/td><\/tr><tr><td><mark style=\"background-color:rgba(0, 0, 0, 0)\" class=\"has-inline-color has-cyan-bluish-gray-color\">1605269<\/mark><\/td><td>Vincent Beaudry<\/td><td><\/td><td><\/td><\/tr><tr><td><mark style=\"background-color:rgba(0, 0, 0, 0)\" class=\"has-inline-color has-cyan-bluish-gray-color\">1643859<\/mark><\/td><td>Mohammed Amine Kelouche<\/td><td><\/td><td><\/td><\/tr><tr><td><mark style=\"background-color:rgba(0, 0, 0, 0)\" class=\"has-inline-color has-cyan-bluish-gray-color\">1660361<\/mark><\/td><td>Marc-Antoine Dompierre<\/td><td><\/td><td><\/td><\/tr><tr><td><mark style=\"background-color:rgba(0, 0, 0, 0)\" class=\"has-inline-color has-cyan-bluish-gray-color\">1746137<\/mark><\/td><td>Nazarit Makareean<\/td><td><\/td><td><\/td><\/tr><tr><td><mark style=\"background-color:rgba(0, 0, 0, 0)\" class=\"has-inline-color has-cyan-bluish-gray-color\">1765918<\/mark><\/td><td>Olivier Larue<\/td><td><\/td><td><\/td><\/tr><tr><td><mark style=\"background-color:rgba(0, 0, 0, 0)\" class=\"has-inline-color has-cyan-bluish-gray-color\">1828444<\/mark><\/td><td>Mathieu Soucy<\/td><td><\/td><td><\/td><\/tr><tr><td><mark style=\"background-color:rgba(0, 0, 0, 0)\" class=\"has-inline-color has-cyan-bluish-gray-color\">1844963<\/mark><\/td><td>Davis Eath<\/td><td><\/td><td><\/td><\/tr><tr><td><mark style=\"background-color:rgba(0, 0, 0, 0)\" class=\"has-inline-color has-cyan-bluish-gray-color\">1910157<\/mark><\/td><td>Joseph Andr\u00e9 Lapointe-D\u00e9coste<\/td><td><\/td><td><\/td><\/tr><tr><td><mark style=\"background-color:rgba(0, 0, 0, 0)\" class=\"has-inline-color has-cyan-bluish-gray-color\">1938975<\/mark><\/td><td>\u00c9mile Grondin<\/td><td><\/td><td><\/td><\/tr><tr><td><mark style=\"background-color:rgba(0, 0, 0, 0)\" class=\"has-inline-color has-cyan-bluish-gray-color\">1950658<\/mark><\/td><td>Pierre-Antoine Lajoie<\/td><td><\/td><td><\/td><\/tr><tr><td><mark style=\"background-color:rgba(0, 0, 0, 0)\" class=\"has-inline-color has-cyan-bluish-gray-color\">1968474<\/mark><\/td><td>Thomas Lessard<\/td><td><\/td><td><\/td><\/tr><tr><td><mark style=\"background-color:rgba(0, 0, 0, 0)\" class=\"has-inline-color has-cyan-bluish-gray-color\">2054060<\/mark><\/td><td>Jacob Julien<\/td><td><\/td><td><\/td><\/tr><tr><td><mark style=\"background-color:rgba(0, 0, 0, 0)\" class=\"has-inline-color has-cyan-bluish-gray-color\">2068410<\/mark><\/td><td>Mika\u00ebl Lagass\u00e9<\/td><td><\/td><td><\/td><\/tr><\/tbody><\/table><\/figure>\n","protected":false},"excerpt":{"rendered":"<p>Matricule \u00c9tudiant(e)s Entreprise Confirmation 0982870 No\u00e9mie Lanct\u00f4t 1337721 Marc-Olivier Parisien 1532686 Sebastien Beaudet 1555921 Louis-Philippe Brunet 1605269 Vincent Beaudry 1643859 Mohammed Amine Kelouche 1660361 Marc-Antoine Dompierre 1746137 Nazarit Makareean 1765918 Olivier Larue 1828444 Mathieu Soucy 1844963 Davis Eath 1910157 Joseph Andr\u00e9 Lapointe-D\u00e9coste 1938975 \u00c9mile Grondin 1950658 Pierre-Antoine Lajoie 1968474 Thomas Lessard 2054060 Jacob Julien 2068410 [&hellip;]<\/p>\n","protected":false},"author":2,"featured_media":0,"parent":0,"menu_order":0,"comment_status":"closed","ping_status":"closed","template":"","meta":{"footnotes":""},"class_list":["post-70","page","type-page","status-publish","hentry"],"_links":{"self":[{"href":"https:\/\/stages.techinfo-cstj.ca\/index.php?rest_route=\/wp\/v2\/pages\/70","targetHints":{"allow":["GET"]}}],"collection":[{"href":"https:\/\/stages.techinfo-cstj.ca\/index.php?rest_route=\/wp\/v2\/pages"}],"about":[{"href":"https:\/\/stages.techinfo-cstj.ca\/index.php?rest_route=\/wp\/v2\/types\/page"}],"author":[{"embeddable":true,"href":"https:\/\/stages.techinfo-cstj.ca\/index.php?rest_route=\/wp\/v2\/users\/2"}],"replies":[{"embeddable":true,"href":"https:\/\/stages.techinfo-cstj.ca\/index.php?rest_route=%2Fwp%2Fv2%2Fcomments&post=70"}],"version-history":[{"count":0,"href":"https:\/\/stages.techinfo-cstj.ca\/index.php?rest_route=\/wp\/v2\/pages\/70\/revisions"}],"wp:attachment":[{"href":"https:\/\/stages.techinfo-cstj.ca\/index.php?rest_route=%2Fwp%2Fv2%2Fmedia&parent=70"}],"curies":[{"name":"wp","href":"https:\/\/api.w.org\/{rel}","templated":true}]}}