{"id":18,"date":"2022-09-17T11:56:12","date_gmt":"2022-09-17T16:56:12","guid":{"rendered":"http:\/\/ve2cuy.com\/stages420\/?page_id=18"},"modified":"2022-09-17T11:56:12","modified_gmt":"2022-09-17T16:56:12","slug":"informations","status":"publish","type":"page","link":"https:\/\/stages.techinfo-cstj.ca\/","title":{"rendered":":: Information"},"content":{"rendered":"\n<h1 class=\"wp-block-heading\">420 &#8211; Techniques de l&rsquo;Informatique<\/h1>\n\n\n\n<hr class=\"wp-block-separator has-alpha-channel-opacity\"\/>\n\n\n\n<h1 class=\"has-vivid-cyan-blue-color has-text-color wp-block-heading\">STAGES :: Hiver 2023<br><\/h1>\n\n\n\n<figure class=\"wp-block-image size-large\"><img loading=\"lazy\" decoding=\"async\" width=\"1024\" height=\"871\" src=\"https:\/\/stages.techinfo-cstj.ca\/wp-content\/uploads\/2022\/09\/d9893bc2-f253-49e5-81e1-a100dea3a0f8_rw_1920-1024x871.png\" alt=\"\" class=\"wp-image-122\" srcset=\"https:\/\/stages.techinfo-cstj.ca\/wp-content\/uploads\/2022\/09\/d9893bc2-f253-49e5-81e1-a100dea3a0f8_rw_1920-1024x871.png 1024w, https:\/\/stages.techinfo-cstj.ca\/wp-content\/uploads\/2022\/09\/d9893bc2-f253-49e5-81e1-a100dea3a0f8_rw_1920-300x255.png 300w, https:\/\/stages.techinfo-cstj.ca\/wp-content\/uploads\/2022\/09\/d9893bc2-f253-49e5-81e1-a100dea3a0f8_rw_1920-768x653.png 768w, https:\/\/stages.techinfo-cstj.ca\/wp-content\/uploads\/2022\/09\/d9893bc2-f253-49e5-81e1-a100dea3a0f8_rw_1920.png 1400w\" sizes=\"auto, (max-width: 1024px) 100vw, 1024px\" \/><\/figure>\n\n\n\n<hr class=\"wp-block-separator has-alpha-channel-opacity\"\/>\n\n\n\n<h1 class=\"has-text-align-center has-text-color wp-block-heading\" style=\"color:#ff712a\">HORAIRE <mark style=\"background-color:rgba(0, 0, 0, 0)\" class=\"has-inline-color has-vivid-cyan-blue-color\">::<\/mark> <mark style=\"background-color:rgba(0, 0, 0, 0);color:#2891a2\" class=\"has-inline-color\">23 janvier au 12 mai 2023<\/mark><\/h1>\n\n\n\n<h2 class=\"has-text-align-center has-text-color wp-block-heading\" style=\"color:#04529b\"><strong>NOTE IMPORTANTE: Vous avez jusqu&rsquo;au <mark style=\"background-color:rgba(0, 0, 0, 0)\" class=\"has-inline-color has-vivid-red-color\">21 novembre<\/mark> pour confirmer votre lieu de stage<\/strong><\/h2>\n\n\n\n<hr class=\"wp-block-separator has-alpha-channel-opacity\"\/>\n\n\n\n<h2 class=\"has-text-color wp-block-heading\" style=\"color:#ff712a\"><br>1 &#8211; Recherche d&rsquo;un stage <mark style=\"background-color:rgba(0, 0, 0, 0);color:#04529b\" class=\"has-inline-color\">::<\/mark> <mark style=\"background-color:rgba(0, 0, 0, 0);color:#2891a2\" class=\"has-inline-color\">D\u00e9marche recommand\u00e9e<\/mark><\/h2>\n\n\n\n<ol class=\"wp-block-list\"><li>Avoir un <strong><mark style=\"background-color:rgba(0, 0, 0, 0)\" class=\"has-inline-color has-vivid-red-color\">curriculum vitae<\/mark><\/strong> \u00e0 jour.<\/li><li>Avoir un <mark style=\"background-color:rgba(0, 0, 0, 0)\" class=\"has-inline-color has-vivid-red-color\"><strong>portfolio<\/strong><\/mark> \u00e0 jour.<\/li><li>R\u00e9diger une <strong><mark style=\"background-color:rgba(0, 0, 0, 0)\" class=\"has-inline-color has-vivid-red-color\">lettre d&rsquo;intention<\/mark><\/strong> pour,<ul><li>vous pr\u00e9senter,<\/li><li>fournir des informations sur;<ul><li>votre formation, <\/li><li>vos int\u00e9r\u00eats,<\/li><li>vos <strong><mark style=\"background-color:rgba(0, 0, 0, 0);color:#2891a2\" class=\"has-inline-color\">pr\u00e9f\u00e9rences<\/mark><\/strong> pour le stage <ul><li>Web &#8211; front\/back\/fullstack, <\/li><li>programmation,<\/li><li>base de donn\u00e9es,<\/li><li>applications mobiles (android, iOS),<\/li><li>API, <\/li><li>r\u00e9seautique,<\/li><li><a href=\"https:\/\/fr.wikipedia.org\/wiki\/Devops\">Devops<\/a>,<\/li><li>support technique, <\/li><li>&#8230;<\/li><\/ul><\/li><\/ul><\/li><li>fournir les dates du stage (<strong><mark style=\"background-color:rgba(0, 0, 0, 0)\" class=\"has-inline-color has-vivid-red-color\">23 janvier au 12 mai 2023, 4 jours par semaine &#8211; lundi au jeudi<\/mark><\/strong>),<ul><li>indiquer qu&rsquo;il n&rsquo;y a <strong><mark style=\"background-color:rgba(0, 0, 0, 0)\" class=\"has-inline-color has-vivid-red-color\">pas de pr\u00e9sence obligatoire<\/mark><\/strong> pendant la semaine de rel\u00e2che (<strong><mark style=\"background-color:rgba(0, 0, 0, 0)\" class=\"has-inline-color has-vivid-red-color\">13 au 17 mars<\/mark><\/strong>) &#8211; mais il est possible de la travailler.  Alors, le stage se termine une semaine avant la date de fin,<\/li><\/ul><\/li><li>indiquer qu&rsquo;il est <strong><mark style=\"background-color:rgba(0, 0, 0, 0)\" class=\"has-inline-color has-vivid-red-color\">pr\u00e9f\u00e9rable<\/mark><\/strong> que le stage <strong><mark style=\"background-color:rgba(0, 0, 0, 0)\" class=\"has-inline-color has-vivid-red-color\">ait lieu en pr\u00e9sentiel<\/mark><\/strong>, <strong>\u00e0 l&rsquo;entreprise<\/strong>, au moins <strong><mark style=\"background-color:rgba(0, 0, 0, 0)\" class=\"has-inline-color has-vivid-red-color\">2 jours par semaine<\/mark><\/strong> (<strong><mark style=\"background-color:rgba(0, 0, 0, 0);color:#2891a2\" class=\"has-inline-color\">valid\u00e9 par le coordonnateur de stages<\/mark><\/strong>),<\/li><li>fournir un lien vers un <strong><mark style=\"background-color:rgba(0, 0, 0, 0)\" class=\"has-inline-color has-vivid-red-color\">portfolio<\/mark><\/strong> de vos r\u00e9alisations,<\/li><li>expliquer <strong><mark style=\"background-color:rgba(0, 0, 0, 0)\" class=\"has-inline-color has-vivid-red-color\">pourquoi l&rsquo;entreprise vous int\u00e9resse<\/mark><\/strong>.<\/li><\/ul><\/li><li><strong><mark style=\"background-color:rgba(0, 0, 0, 0)\" class=\"has-inline-color has-vivid-red-color\">Identifier quatre entreprises \u00e0 solliciter pour votre stage<\/mark><\/strong>:<ul><li>consulter la <a href=\"http:\/\/ve2cuy.com\/stages420\/index.php\/les-partenaires\/\" data-type=\"page\" data-id=\"16\">page des partenaires<\/a> pour identifier <strong><mark style=\"background-color:rgba(0, 0, 0, 0)\" class=\"has-inline-color has-vivid-red-color\">un minimum de 2 entreprises<\/mark><\/strong> \u00e0 solliciter,<\/li><li>faire des <a href=\"https:\/\/google.com\">recherches personnelles<\/a> pour trouver <strong><mark style=\"background-color:rgba(0, 0, 0, 0)\" class=\"has-inline-color has-vivid-red-color\">deux autres entreprises<\/mark><\/strong> \u00e0 solliciter, autres que celles affich\u00e9es dans la liste des <a href=\"http:\/\/ve2cuy.com\/stages420\/index.php\/les-partenaires\/\" data-type=\"page\" data-id=\"16\">partenaires<\/a>.<\/li><\/ul><\/li><li><strong><mark style=\"background-color:rgba(0, 0, 0, 0)\" class=\"has-inline-color has-vivid-red-color\">Envoyer les documents aux entreprises s\u00e9lectionn\u00e9es avec l&rsquo;intitul\u00e9<\/mark><\/strong>:<ul><li><strong><mark style=\"background-color:rgba(0, 0, 0, 0)\" class=\"has-inline-color has-vivid-cyan-blue-color\">Recherche d&rsquo;un stage Hiv2023 &#8211; Techniques de l&rsquo;informatique<\/mark><\/strong>.<\/li><\/ul><\/li><li>D&rsquo;ici le <strong><mark style=\"background-color:rgba(0, 0, 0, 0)\" class=\"has-inline-color has-vivid-red-color\">10 octobre<\/mark><\/strong>, faire parvenir \u00e0 <a href=\"mailto:aboudrea@cstj.qc.ca\">aboudrea@cstj.qc.ca<\/a>, la liste des quatre entreprises s\u00e9lectionn\u00e9es.<\/li><li><strong><mark style=\"background-color:rgba(0, 0, 0, 0);color:#04529b\" class=\"has-inline-color\">Se pr\u00e9parer \u00e0 \u00eatre re\u00e7u en entrevue de s\u00e9lection.<\/mark><\/strong><\/li><li><strong><mark style=\"background-color:rgba(0, 0, 0, 0)\" class=\"has-inline-color has-vivid-red-color\">Le <\/mark><mark style=\"background-color:rgba(0, 0, 0, 0);color:#2891a2\" class=\"has-inline-color\">mandat<\/mark><mark style=\"background-color:rgba(0, 0, 0, 0)\" class=\"has-inline-color has-vivid-red-color\"> et le <\/mark><mark style=\"background-color:rgba(0, 0, 0, 0);color:#2891a2\" class=\"has-inline-color\">lieu de stage<\/mark><mark style=\"background-color:rgba(0, 0, 0, 0)\" class=\"has-inline-color has-vivid-red-color\"> doivent-\u00eatre <\/mark><mark style=\"background-color:rgba(0, 0, 0, 0);color:#2891a2\" class=\"has-inline-color\">approuv\u00e9s<\/mark><mark style=\"background-color:rgba(0, 0, 0, 0)\" class=\"has-inline-color has-vivid-red-color\"> par le coordonnateur de stages<\/mark><\/strong>.<\/li><\/ol>\n\n\n\n<p class=\"has-text-align-left\"><strong><mark style=\"background-color:rgba(0, 0, 0, 0)\" class=\"has-inline-color has-vivid-red-color\">NOTE<\/mark><\/strong>: En stage, vous <strong><mark style=\"background-color:rgba(0, 0, 0, 0)\" class=\"has-inline-color has-vivid-red-color\">devez \u00eatre encadr\u00e9<\/mark><\/strong> par au moins une personne ayant plus d&rsquo;exp\u00e9rience que vous dans le domaine de r\u00e9alisation.<\/p>\n\n\n\n<hr class=\"wp-block-separator has-alpha-channel-opacity\"\/>\n\n\n\n<p class=\"has-text-align-left\"><strong><mark style=\"background-color:rgba(0, 0, 0, 0)\" class=\"has-inline-color has-vivid-red-color\">NOTE IMPORTANTE<\/mark><\/strong>::  Le d\u00e9partement <strong><mark style=\"background-color:rgba(0, 0, 0, 0)\" class=\"has-inline-color has-vivid-red-color\">a comme politique<\/mark><\/strong> de <strong><mark style=\"background-color:rgba(0, 0, 0, 0)\" class=\"has-inline-color has-vivid-red-color\">refuser<\/mark><\/strong> les stages o\u00f9 le responsable, superviseur, charg\u00e9 de projets ou responsable de l&rsquo;\u00e9valuation en entreprise, a un lien avec le\/la stagiaire; parent, fr\u00e8re\/soeur, conjoint\/e, famille, &#8230; &#8211; <mark style=\"background-color:rgba(0, 0, 0, 0)\" class=\"has-inline-color has-vivid-red-color\">IL N&rsquo;Y A PAS DE D\u00c9ROGATION POSSIBLE<\/mark>.<\/p>\n\n\n\n<hr class=\"wp-block-separator has-alpha-channel-opacity\"\/>\n\n\n\n<h2 class=\"wp-block-heading\"><mark style=\"background-color:rgba(0, 0, 0, 0)\" class=\"has-inline-color has-vivid-cyan-blue-color\">::<\/mark><mark style=\"background-color:rgba(0, 0, 0, 0);color:#2891a2\" class=\"has-inline-color\"> R\u00e9sum\u00e9<\/mark><\/h2>\n\n\n\n<p>D&rsquo;ici le <strong><mark style=\"background-color:rgba(0, 0, 0, 0)\" class=\"has-inline-color has-vivid-red-color\">10 octobre<\/mark><\/strong> il faut, solliciter <mark style=\"background-color:rgba(0, 0, 0, 0)\" class=\"has-inline-color has-luminous-vivid-orange-color\"><strong>quatre entreprises<\/strong><\/mark> ( <strong><mark style=\"background-color:rgba(0, 0, 0, 0)\" class=\"has-inline-color has-vivid-red-color\">deux<\/mark><\/strong> de la liste <a href=\"http:\/\/ve2cuy.com\/stages420\/index.php\/les-partenaires\/\" data-type=\"page\" data-id=\"16\">suivante<\/a> et <strong><mark style=\"background-color:rgba(0, 0, 0, 0)\" class=\"has-inline-color has-vivid-red-color\">deux<\/mark><\/strong> \u00e0 partir d&rsquo;une recherche personnelle) pour l&rsquo;obtention d&rsquo;un stage.  <\/p>\n\n\n\n<p>Le stage doit-\u00eatre <strong><mark style=\"background-color:rgba(0, 0, 0, 0)\" class=\"has-inline-color has-vivid-green-cyan-color\">approuv\u00e9<\/mark><\/strong> par le coordonnateur de stage &#8211; <a href=\"mailto:aboudrea@cstj.qc.ca\">aboudrea@cstj.qc.ca<\/a>.  <\/p>\n\n\n\n<p><strong><mark style=\"background-color:rgba(0, 0, 0, 0);color:#2891a2\" class=\"has-inline-color\">Pour \u00eatre approuv\u00e9<\/mark><\/strong>, le stage doit r\u00e9pondre <mark style=\"background-color:rgba(0, 0, 0, 0)\" class=\"has-inline-color has-vivid-purple-color\"><strong>aux crit\u00e8res suivants<\/strong><\/mark>; <\/p>\n\n\n\n<ul class=\"wp-block-list\"><li><strong><mark style=\"background-color:rgba(0, 0, 0, 0)\" class=\"has-inline-color has-vivid-red-color\">1)<\/mark><\/strong> avoir lieu entre le 23 janvier et le 12 mai 2023, <\/li><li><strong><mark style=\"background-color:rgba(0, 0, 0, 0)\" class=\"has-inline-color has-vivid-red-color\">2)<\/mark><\/strong> \u00eatre supervis\u00e9 par une personne ayant plus d&rsquo;exp\u00e9rience que vous, <\/li><li><strong><mark style=\"background-color:rgba(0, 0, 0, 0)\" class=\"has-inline-color has-vivid-red-color\">3)<\/mark><\/strong> le superviseur ne doit pas avoir un lien avec vous, <\/li><li><strong><mark style=\"background-color:rgba(0, 0, 0, 0)\" class=\"has-inline-color has-vivid-red-color\">4)<\/mark><\/strong> le stage se d\u00e9roule au moins 2 jours par semaine sur les lieux de l&rsquo;entreprise (<mark style=\"background-color:rgba(0, 0, 0, 0)\" class=\"has-inline-color has-cyan-bluish-gray-color\">d\u00e9rogation possible<\/mark>), <\/li><li><strong><mark style=\"background-color:rgba(0, 0, 0, 0)\" class=\"has-inline-color has-vivid-red-color\">5)<\/mark><\/strong> vous recevez un mandat clair, dans votre domaine d&rsquo;\u00e9tudes,<\/li><li><strong><mark style=\"background-color:rgba(0, 0, 0, 0)\" class=\"has-inline-color has-vivid-red-color\">6)<\/mark><\/strong> l&rsquo;entreprise fournit le mat\u00e9riel et les logiciels requis pour la r\u00e9alisation du mandat.<\/li><\/ul>\n\n\n\n<hr class=\"wp-block-separator has-alpha-channel-opacity\"\/>\n\n\n\n<h2 class=\"has-text-align-center has-vivid-red-color has-white-background-color has-text-color has-background wp-block-heading\"><mark><mark style=\"background-color:#ffffff\" class=\"has-inline-color has-vivid-red-color\">\u00c0 CONSULTER <\/mark><mark style=\"background-color:#ffffff;color:#04529b\" class=\"has-inline-color\">::<\/mark><mark style=\"background-color:#ffffff\" class=\"has-inline-color has-vivid-red-color\"> <\/mark><mark style=\"background-color:#ffffff\" class=\"has-inline-color has-luminous-vivid-orange-color\">En janvier<\/mark><\/mark><\/h2>\n\n\n<div class=\"wp-block-image\">\n<figure class=\"aligncenter size-full\"><img loading=\"lazy\" decoding=\"async\" width=\"1000\" height=\"429\" src=\"https:\/\/stages.techinfo-cstj.ca\/wp-content\/uploads\/2022\/09\/Winter-cartoon-penguins.jpg\" alt=\"\" class=\"wp-image-146\" srcset=\"https:\/\/stages.techinfo-cstj.ca\/wp-content\/uploads\/2022\/09\/Winter-cartoon-penguins.jpg 1000w, https:\/\/stages.techinfo-cstj.ca\/wp-content\/uploads\/2022\/09\/Winter-cartoon-penguins-300x129.jpg 300w, https:\/\/stages.techinfo-cstj.ca\/wp-content\/uploads\/2022\/09\/Winter-cartoon-penguins-768x329.jpg 768w\" sizes=\"auto, (max-width: 1000px) 100vw, 1000px\" \/><\/figure>\n<\/div>\n\n\n<hr class=\"wp-block-separator has-alpha-channel-opacity\"\/>\n\n\n\n<h2 class=\"has-text-color wp-block-heading\" style=\"color:#04529b\"><br>2 &#8211; Le stage commence sous peu ::  <mark style=\"background-color:rgba(0, 0, 0, 0);color:#b91c2d\" class=\"has-inline-color\">Quoi dois-je faire<\/mark>?<\/h2>\n\n\n\n<p>Votre arriv\u00e9e en entreprise a \u00e9t\u00e9 confirm\u00e9e par le <strong><mark style=\"background-color:rgba(0, 0, 0, 0)\" class=\"has-inline-color has-vivid-cyan-blue-color\">coordonnateur des stages<\/mark><\/strong>.<\/p>\n\n\n\n<p>Nous aviserons les&nbsp;entreprises de votre arriv\u00e9e en pr\u00e9sence ou \u00e0 distance selon l\u2019horaire en vigueur.<\/p>\n\n\n\n<p><em><mark style=\"background-color:rgba(0, 0, 0, 0)\" class=\"has-inline-color has-vivid-red-color\">Si vous avez une entente diff\u00e9rente avec l\u2019entreprise, &nbsp;vous devez alors respecter cette derni\u00e8re.<\/mark><\/em><\/p>\n\n\n\n<ul class=\"wp-block-list\"><li>Vous devez cr\u00e9er un compte pour le&nbsp;<a href=\"#\">journal de bord<\/a>&nbsp;et autoriser votre&nbsp;<a href=\"#\">responsable c\u00e9gep<\/a>.<\/li><li><strong><mark style=\"background-color:rgba(0, 0, 0, 0)\" class=\"has-inline-color has-pale-pink-color\">Semaine 1<\/mark><\/strong>&nbsp;\u2013 Vous devez r\u00e9colter les informations qui vous permettront de r\u00e9diger votre &nbsp;<a href=\"#\">projet de stage<\/a>.<\/li><li><strong><mark style=\"background-color:rgba(0, 0, 0, 0)\" class=\"has-inline-color has-luminous-vivid-orange-color\">Semaine 2<\/mark><\/strong>&nbsp;\u2013 R\u00e9daction et remise du projet &nbsp;de stage.<\/li><li><strong><mark style=\"background-color:rgba(0, 0, 0, 0)\" class=\"has-inline-color has-vivid-cyan-blue-color\">Semaine 4-5<\/mark><\/strong> \u2013 Visite informelle&nbsp;du responsable c\u00e9gep \u2013 histoire de voir que tout va bien.<\/li><li><strong><mark style=\"background-color:rgba(0, 0, 0, 0)\" class=\"has-inline-color has-vivid-green-cyan-color\">Semaine 14<\/mark><\/strong>&nbsp;\u2013 Visite en entreprise de votre responsable c\u00e9gep pour l\u2019<a href=\"#\">\u00e9valuation du stage<\/a>.<\/li><li><strong><mark style=\"background-color:rgba(0, 0, 0, 0)\" class=\"has-inline-color has-vivid-red-color\">Semaine 15<\/mark><\/strong>&nbsp;\u2013&nbsp;<a href=\"#\">R\u00e9daction<\/a>&nbsp;et pr\u00e9sentation du rapport de stage.<\/li><\/ul>\n\n\n\n<p>Vous pouvez consulter le document&nbsp;<a href=\"http:\/\/ve2cuy.com\/stages420\/index.php\/questions-reponses\/\" data-type=\"page\" data-id=\"5\">questions et r\u00e9ponses<\/a>.<\/p>\n\n\n\n<hr class=\"wp-block-separator has-alpha-channel-opacity\"\/>\n\n\n\n<h2 class=\"wp-block-heading\"><mark style=\"background-color:rgba(0, 0, 0, 0);color:#04529b\" class=\"has-inline-color\">::<\/mark> <mark style=\"background-color:rgba(0, 0, 0, 0);color:#ff712a\" class=\"has-inline-color\">\u00c9valuation<\/mark><\/h2>\n\n\n\n<p><a href=\"#\">Voir la page suivante<\/a><\/p>\n\n\n\n<h2 class=\"wp-block-heading\"><mark style=\"background-color:rgba(0, 0, 0, 0);color:#04529b\" class=\"has-inline-color\">::<\/mark> <mark style=\"background-color:rgba(0, 0, 0, 0);color:#2891a2\" class=\"has-inline-color\">Journal de bord<\/mark><\/h2>\n\n\n\n<p><a href=\"#\">Voir la page suivante<\/a><\/p>\n\n\n\n<h2 class=\"wp-block-heading\"><mark style=\"background-color:rgba(0, 0, 0, 0);color:#04529b\" class=\"has-inline-color\">::<\/mark> <mark style=\"background-color:rgba(0, 0, 0, 0);color:#04529b\" class=\"has-inline-color\">Questions et r\u00e9ponses<\/mark><\/h2>\n\n\n\n<p><a href=\"http:\/\/ve2cuy.com\/stages420\/index.php\/questions-reponses\/\" data-type=\"page\" data-id=\"5\">Voir la page suivante<\/a><\/p>\n","protected":false},"excerpt":{"rendered":"<p>420 &#8211; Techniques de l&rsquo;Informatique STAGES :: Hiver 2023 HORAIRE :: 23 janvier au 12 mai 2023 NOTE IMPORTANTE: Vous avez jusqu&rsquo;au 21 novembre pour confirmer votre lieu de stage 1 &#8211; Recherche d&rsquo;un stage :: D\u00e9marche recommand\u00e9e Avoir un curriculum vitae \u00e0 jour. Avoir un portfolio \u00e0 jour. R\u00e9diger une lettre d&rsquo;intention pour, vous [&hellip;]<\/p>\n","protected":false},"author":2,"featured_media":0,"parent":0,"menu_order":0,"comment_status":"closed","ping_status":"closed","template":"","meta":{"footnotes":""},"class_list":["post-18","page","type-page","status-publish","hentry"],"_links":{"self":[{"href":"https:\/\/stages.techinfo-cstj.ca\/index.php?rest_route=\/wp\/v2\/pages\/18","targetHints":{"allow":["GET"]}}],"collection":[{"href":"https:\/\/stages.techinfo-cstj.ca\/index.php?rest_route=\/wp\/v2\/pages"}],"about":[{"href":"https:\/\/stages.techinfo-cstj.ca\/index.php?rest_route=\/wp\/v2\/types\/page"}],"author":[{"embeddable":true,"href":"https:\/\/stages.techinfo-cstj.ca\/index.php?rest_route=\/wp\/v2\/users\/2"}],"replies":[{"embeddable":true,"href":"https:\/\/stages.techinfo-cstj.ca\/index.php?rest_route=%2Fwp%2Fv2%2Fcomments&post=18"}],"version-history":[{"count":0,"href":"https:\/\/stages.techinfo-cstj.ca\/index.php?rest_route=\/wp\/v2\/pages\/18\/revisions"}],"wp:attachment":[{"href":"https:\/\/stages.techinfo-cstj.ca\/index.php?rest_route=%2Fwp%2Fv2%2Fmedia&parent=18"}],"curies":[{"name":"wp","href":"https:\/\/api.w.org\/{rel}","templated":true}]}}